{"id":25832,"date":"2022-07-05T11:32:00","date_gmt":"2022-07-05T09:32:00","guid":{"rendered":"https:\/\/www.pern.pl\/ropa\/"},"modified":"2022-09-01T19:37:37","modified_gmt":"2022-09-01T17:37:37","slug":"crude-oil","status":"publish","type":"page","link":"https:\/\/www.pern.pl\/en\/services\/crude-oil\/","title":{"rendered":"Crude oil"},"content":{"rendered":"<p><strong>SEGMENT ROPY NAFTOWEJ<\/strong><\/p>\n<p>Do 3 zda\u0144 wst\u0119pu<\/p>\n<ul>\n<li>MAGAZYNOWANIE ROPY NAFTOWEJ<\/li>\n<\/ul>\n<p>Us\u0142uga magazynowania jest \u015bwiadczona klientom, kt\u00f3rzy\u00a0realizuj\u0105c obowi\u0105zek tworzenia zapas\u00f3w obowi\u0105zkowych (Ustawa z\u00a0dnia 16\u00a0lutego 2007\u00a0r. z p\u00f3\u017an.zm. \u2013 \u201eO zapasach ropy naftowej, produkt\u00f3w naftowych i\u00a0gazu ziemnego oraz\u00a0zasadach post\u0119powania w\u00a0sytuacjach zagro\u017cenia bezpiecze\u0144stwa paliwowego pa\u0144stwa i\u00a0zak\u0142\u00f3ce\u0144 na\u00a0rynku naftowym\u201d), wynajmuj\u0105 pojemno\u015b\u0107 zbiornikow\u0105 w\u00a0celu zmagazynowania w\u0142asnego paliwa i ropy naftowej (magazynowanie zapas\u00f3w obowi\u0105zkowych).<\/p>\n<p>Dodatkowo PERN \u015bwiadczy na rzecz swoich klient\u00f3w us\u0142ug\u0119 magazynowania operacyjnego w\u00a0zakresie ropy naftowej zapewniaj\u0105c sprawn\u0105 realizacj\u0119 procesu t\u0142oczenia i pozwalaj\u0105c na zmagazynowanie ropy przeznaczonej do bie\u017c\u0105cego przerobu w rafinerii. Us\u0142uga magazynowania operacyjnego daje mo\u017cliwo\u015b\u0107 elastycznego planowanie dostaw i efektywnej pracy zak\u0142ad\u00f3w rafineryjnych.<\/p>\n<p>Us\u0142uga magazynowania obejmuje:<\/p>\n<p>roz\u0142adunek\u00a0ropy z\u00a0transportu ruroci\u0105gowego b\u0105d\u017a morskiego i\u00a0odbi\u00f3r produktu na danej bazie,<\/p>\n<p>magazynowanie sensu stricte,<\/p>\n<p>rotacj\u0119 ropy przez bazy,<\/p>\n<p>wydanie ropy do rafinerii b\u0105d\u017a ponowny za\u0142adunek na tankowiec<\/p>\n<p>Nad\u00a0jako\u015bci\u0105 z\u0142o\u017conego paliwa i\u00a0ropy czuwaj\u0105 wyspecjalizowane s\u0142u\u017cby laboratoryjne PERN S.A.<\/p>\n<p>BAZY MAGAZYNOWE PERN<\/p>\n<p>Nieod\u0142\u0105czn\u0105 cz\u0119\u015bci\u0105 systemu przesy\u0142owego ropy naftowej s\u0105\u00a0bazy surowcowe. Spe\u0142niaj\u0105 one funkcje stabilizatora przep\u0142ywu surowca. Pojemno\u015bci magazynowe sp\u00f3\u0142ka wykorzystuje tak\u017ce do\u00a0\u015bwiadczenia us\u0142ugi magazynowania ropy naftowej.<\/p>\n<p>PERN S.A. posiada cztery bazy naftowe, w\u00a0kt\u00f3rych\u00a0w\u00a0sumie mo\u017ce zmagazynowa\u0107 ponad \u00a04\u00a0mln m\u00b3 ropy naftowej.<\/p>\n<p>Najwi\u0119ksza z\u00a0nich zlokalizowana jest pod\u00a0P\u0142ockiem w Miszewku Strza\u0142kowskim. Pozosta\u0142e mieszcz\u0105 si\u0119 w\u00a0Adamowie przy granicy z\u00a0Bia\u0142orusi\u0105 oraz dwie bazy zlokalizowane w\u00a0Gda\u0144sku, w\u00a0pobli\u017cu Naftoportu.<\/p>\n<p>W\u00a0bazach surowiec magazynowany jest w\u00a0stalowych, cylindrycznych zbiornikach o\u00a0pojemno\u015bci od\u00a032.000\u00a0do\u00a0100.000\u00a0m\u00b3. Ka\u017cdy z\u00a0nich spe\u0142nia wymogi bezpiecze\u0144stwa oraz\u00a0ochrony \u015brodowiska.<\/p>\n<ul>\n<li>TRANSPORT ROPY NAFTOWEJ<\/li>\n<\/ul>\n<p>&nbsp;<\/p>\n<p>Infrastruktura PERN S.A. do\u00a0transportu ropy naftowej sk\u0142ada si\u0119 z\u00a0trzech zasadniczych odcink\u00f3w ruroci\u0105g\u00f3w.<\/p>\n<p>Odcinek Wschodni ruroci\u0105gu \u201ePrzyja\u017a\u0144\u201d \u0142\u0105czy Baz\u0119 Zbiornikow\u0105 w\u00a0Adamowie, zlokalizowan\u0105 przy granicy z\u00a0Bia\u0142orusi\u0105, z\u00a0Baz\u0105 Surowcow\u0105 w\u00a0Miszewku Strza\u0142kowskim k. P\u0142ocka. Odcinek ten osi\u0105ga przepustowo\u015b\u0107 50\u00a0mln ton ropy naftowej rocznie.<\/p>\n<p>Odcinek Zachodni ruroci\u0105gu \u201ePrzyja\u017a\u0144\u201d \u0142\u0105czy Baz\u0119 Surowcow\u0105 w\u00a0P\u0142ocku z\u00a0baz\u0105 ropy naftowej zlokalizowan\u0105 w\u00a0Schwedt. T\u0105\u00a0cz\u0119\u015bci\u0105 magistrali p\u0142ynie surowiec dla dw\u00f3ch niemieckich rafinerii: PCK Raffinerie GmbH Schwedt oraz\u00a0TOTAL Raffinerie Mitteldeutschland GmbH w\u00a0Spergau. Odcinek Zachodni ruroci\u0105gu \u201ePrzyja\u017a\u0144\u201d osi\u0105ga wydajno\u015b\u0107 27\u00a0mln ton ropy naftowej rocznie.<\/p>\n<p>Ruroci\u0105g Pomorski \u0142\u0105czy Baz\u0119 Surowcow\u0105 w\u00a0P\u0142ocku z\u00a0Baz\u0105 Manipulacyjn\u0105 w\u00a0Gda\u0144sku. T\u0119dy p\u0142ynie naftowa przeznaczona dla rafinerii w\u00a0Gda\u0144sku oraz\u00a0na\u00a0eksport poprzez Naftoport.<\/p>\n<p>Ruroci\u0105giem Pomorskim mo\u017cna transportowa\u0107 surowiec w\u00a0dw\u00f3ch kierunkach. Na\u00a0trasie Gda\u0144sk-P\u0142ock jego przepustowo\u015b\u0107 wynosi ok. 30\u00a0mln ton ropy naftowej rocznie, za\u015b w\u00a0przeciwnym kierunku ruroci\u0105g osi\u0105ga wydajno\u015b\u0107 ok. 27\u00a0mln ton na\u00a0rok.<\/p>\n<table width=\"397\">\n<tbody>\n<tr>\n<td width=\"66\"><\/td>\n<td width=\"331\">ruroci\u0105g\u00f3w ropy naftowej<\/td>\n<\/tr>\n<\/tbody>\n<\/table>\n<p>&nbsp;<\/p>\n<p>Prze\u0142adunek ropy naftowej<\/p>\n<p>Infrastruktura ruroci\u0105gowa PERN S.A. po\u0142\u0105czona jest bezpo\u015brednio z\u00a0Naftoportem. Ma\u00a0on\u00a0bardzo du\u017ce znaczenie w\u00a0zapewnieniu bezpiecze\u0144stwa energetycznego kraju umo\u017cliwiaj\u0105c klientom PERN dywersyfikacj\u0119 \u017ar\u00f3de\u0142 dostaw oraz sprowadzanych gatunk\u00f3w ropy naftowej.<\/p>\n<p>Mo\u017cliwo\u015bci prze\u0142adunkowe Naftoportu wynosz\u0105 obecnie 36 mln ton ropy i\u00a04 mln ton produkt\u00f3w naftowych rocznie. Zapleczem magazynowym oraz\u00a0technologicznym urz\u0105dze\u0144 prze\u0142adunkowych nadmorskiego terminalu s\u0105 dwie bazy ropy naftowej w\u00a0Gda\u0144sku nale\u017c\u0105ce do\u00a0PERN S.A. Sp\u00f3\u0142ka bardzo du\u017c\u0105 wag\u0119 przyk\u0142ada te\u017c do\u00a0rozwoju infrastruktury zlokalizowanej nad\u00a0Ba\u0142tykiem. Dzi\u0119ki niej nasi Klienci mog\u0105 skutecznie dywersyfikowa\u0107 dostawy ropy naftowej tak\u00a0aby otrzymywa\u0107 najbardziej wydajne mieszanki i\u00a0produkowa\u0107 najlepszej jako\u015bci paliwa oraz\u00a0produkty petrochemiczne.\u00a0Obecnie istniej\u0105ca infrastruktura pozwala na to, aby Klienci PERN mogli sprowadza\u0107 surowiec z dowolnego zak\u0105tka \u015bwiata.<\/p>\n<p>Podstawowe zalety Naftoportu w\u00a0por\u00f3wnaniu z\u00a0innymi portami Morza Ba\u0142tyckiego to\u00a0przede wszystkim wysokie mo\u017cliwo\u015bci prze\u0142adunkowe, unikalna lokalizacja portu i\u00a0bezpo\u015brednie po\u0142\u0105czenie ruroci\u0105gowe z obiektami PERN, kt\u00f3re zapewnia ruroci\u0105g Pomorski.<\/p>\n<p>&nbsp;<\/p>\n<ul>\n<li>DANE KONTAKTOWE<\/li>\n<\/ul>\n<p>Dane kontaktowe do zmiany. Poprawna nazwa dzia\u0142u to Dzia\u0142 Sprzeda\u017cy- Ropa<\/p>\n<p>Do zmiany\/aktualizacji r\u00f3wnie\u017c dane kontaktowe- o ile w nowej ods\u0142onie b\u0119d\u0105 podawane-&gt; nie ma ju\u017c numer\u00f3w telefon\u00f3w stacjonarnych i faxu.<\/p>\n<p>&nbsp;<\/p>\n<p>&nbsp;<\/p>\n<p>&nbsp;<\/p>\n<p>&nbsp;<\/p>\n","protected":false},"excerpt":{"rendered":"<p>SEGMENT ROPY NAFTOWEJ Do 3 zda\u0144 wst\u0119pu MAGAZYNOWANIE ROPY NAFTOWEJ Us\u0142uga magazynowania jest \u015bwiadczona klientom, kt\u00f3rzy\u00a0realizuj\u0105c obowi\u0105zek tworzenia zapas\u00f3w obowi\u0105zkowych (Ustawa z\u00a0dnia 16\u00a0lutego 2007\u00a0r. z p\u00f3\u017an.zm. \u2013 \u201eO zapasach ropy naftowej, produkt\u00f3w naftowych i\u00a0gazu ziemnego &hellip; <a href=\"https:\/\/www.pern.pl\/en\/services\/crude-oil\/\" class=\"more-link\">Continue reading<span class=\"screen-reader-text\"> &#8220;Crude oil&#8221;<\/span><\/a><\/p>\n","protected":false},"author":2,"featured_media":0,"parent":25833,"menu_order":213,"comment_status":"closed","ping_status":"closed","template":"page-builder-full.php","meta":{"_acf_changed":false,"inline_featured_image":false,"footnotes":""},"class_list":["post-25832","page","type-page","status-publish","hentry"],"acf":[],"yoast_head":"<!-- This site is optimized with the Yoast SEO plugin v26.9 - https:\/\/yoast.com\/product\/yoast-seo-wordpress\/ -->\n<title>Crude oil - PERN<\/title>\n<meta name=\"robots\" content=\"index, follow, max-snippet:-1, max-image-preview:large, max-video-preview:-1\" \/>\n<link rel=\"canonical\" href=\"https:\/\/www.pern.pl\/en\/services\/crude-oil\/\" \/>\n<meta property=\"og:locale\" content=\"en_US\" \/>\n<meta property=\"og:type\" content=\"article\" \/>\n<meta property=\"og:title\" content=\"Crude oil - PERN\" \/>\n<meta property=\"og:description\" content=\"SEGMENT ROPY NAFTOWEJ Do 3 zda\u0144 wst\u0119pu MAGAZYNOWANIE ROPY NAFTOWEJ Us\u0142uga magazynowania jest \u015bwiadczona klientom, kt\u00f3rzy\u00a0realizuj\u0105c obowi\u0105zek tworzenia zapas\u00f3w obowi\u0105zkowych (Ustawa z\u00a0dnia 16\u00a0lutego 2007\u00a0r. z p\u00f3\u017an.zm. \u2013 \u201eO zapasach ropy naftowej, produkt\u00f3w naftowych i\u00a0gazu ziemnego &hellip; Continue reading &quot;Crude oil&quot;\" \/>\n<meta property=\"og:url\" content=\"https:\/\/www.pern.pl\/en\/services\/crude-oil\/\" \/>\n<meta property=\"og:site_name\" content=\"PERN\" \/>\n<meta property=\"article:modified_time\" content=\"2022-09-01T17:37:37+00:00\" \/>\n<meta name=\"twitter:card\" content=\"summary_large_image\" \/>\n<meta name=\"twitter:label1\" content=\"Est. reading time\" \/>\n\t<meta name=\"twitter:data1\" content=\"4 minutes\" \/>\n<script type=\"application\/ld+json\" class=\"yoast-schema-graph\">{\"@context\":\"https:\/\/schema.org\",\"@graph\":[{\"@type\":\"WebPage\",\"@id\":\"https:\/\/www.pern.pl\/en\/services\/crude-oil\/\",\"url\":\"https:\/\/www.pern.pl\/en\/services\/crude-oil\/\",\"name\":\"Crude oil - PERN\",\"isPartOf\":{\"@id\":\"https:\/\/www.pern.pl\/en\/#website\"},\"datePublished\":\"2022-07-05T09:32:00+00:00\",\"dateModified\":\"2022-09-01T17:37:37+00:00\",\"breadcrumb\":{\"@id\":\"https:\/\/www.pern.pl\/en\/services\/crude-oil\/#breadcrumb\"},\"inLanguage\":\"en-US\",\"potentialAction\":[{\"@type\":\"ReadAction\",\"target\":[\"https:\/\/www.pern.pl\/en\/services\/crude-oil\/\"]}]},{\"@type\":\"BreadcrumbList\",\"@id\":\"https:\/\/www.pern.pl\/en\/services\/crude-oil\/#breadcrumb\",\"itemListElement\":[{\"@type\":\"ListItem\",\"position\":1,\"name\":\"Home\",\"item\":\"https:\/\/www.pern.pl\/en\/\"},{\"@type\":\"ListItem\",\"position\":2,\"name\":\"Services\",\"item\":\"https:\/\/www.pern.pl\/en\/services\/\"},{\"@type\":\"ListItem\",\"position\":3,\"name\":\"Crude oil\"}]},{\"@type\":\"WebSite\",\"@id\":\"https:\/\/www.pern.pl\/en\/#website\",\"url\":\"https:\/\/www.pern.pl\/en\/\",\"name\":\"PERN\",\"description\":\"\",\"potentialAction\":[{\"@type\":\"SearchAction\",\"target\":{\"@type\":\"EntryPoint\",\"urlTemplate\":\"https:\/\/www.pern.pl\/en\/?s={search_term_string}\"},\"query-input\":{\"@type\":\"PropertyValueSpecification\",\"valueRequired\":true,\"valueName\":\"search_term_string\"}}],\"inLanguage\":\"en-US\"}]}<\/script>\n<!-- \/ Yoast SEO plugin. -->","yoast_head_json":{"title":"Crude oil - PERN","robots":{"index":"index","follow":"follow","max-snippet":"max-snippet:-1","max-image-preview":"max-image-preview:large","max-video-preview":"max-video-preview:-1"},"canonical":"https:\/\/www.pern.pl\/en\/services\/crude-oil\/","og_locale":"en_US","og_type":"article","og_title":"Crude oil - PERN","og_description":"SEGMENT ROPY NAFTOWEJ Do 3 zda\u0144 wst\u0119pu MAGAZYNOWANIE ROPY NAFTOWEJ Us\u0142uga magazynowania jest \u015bwiadczona klientom, kt\u00f3rzy\u00a0realizuj\u0105c obowi\u0105zek tworzenia zapas\u00f3w obowi\u0105zkowych (Ustawa z\u00a0dnia 16\u00a0lutego 2007\u00a0r. z p\u00f3\u017an.zm. \u2013 \u201eO zapasach ropy naftowej, produkt\u00f3w naftowych i\u00a0gazu ziemnego &hellip; Continue reading \"Crude oil\"","og_url":"https:\/\/www.pern.pl\/en\/services\/crude-oil\/","og_site_name":"PERN","article_modified_time":"2022-09-01T17:37:37+00:00","twitter_card":"summary_large_image","twitter_misc":{"Est. reading time":"4 minutes"},"schema":{"@context":"https:\/\/schema.org","@graph":[{"@type":"WebPage","@id":"https:\/\/www.pern.pl\/en\/services\/crude-oil\/","url":"https:\/\/www.pern.pl\/en\/services\/crude-oil\/","name":"Crude oil - PERN","isPartOf":{"@id":"https:\/\/www.pern.pl\/en\/#website"},"datePublished":"2022-07-05T09:32:00+00:00","dateModified":"2022-09-01T17:37:37+00:00","breadcrumb":{"@id":"https:\/\/www.pern.pl\/en\/services\/crude-oil\/#breadcrumb"},"inLanguage":"en-US","potentialAction":[{"@type":"ReadAction","target":["https:\/\/www.pern.pl\/en\/services\/crude-oil\/"]}]},{"@type":"BreadcrumbList","@id":"https:\/\/www.pern.pl\/en\/services\/crude-oil\/#breadcrumb","itemListElement":[{"@type":"ListItem","position":1,"name":"Home","item":"https:\/\/www.pern.pl\/en\/"},{"@type":"ListItem","position":2,"name":"Services","item":"https:\/\/www.pern.pl\/en\/services\/"},{"@type":"ListItem","position":3,"name":"Crude oil"}]},{"@type":"WebSite","@id":"https:\/\/www.pern.pl\/en\/#website","url":"https:\/\/www.pern.pl\/en\/","name":"PERN","description":"","potentialAction":[{"@type":"SearchAction","target":{"@type":"EntryPoint","urlTemplate":"https:\/\/www.pern.pl\/en\/?s={search_term_string}"},"query-input":{"@type":"PropertyValueSpecification","valueRequired":true,"valueName":"search_term_string"}}],"inLanguage":"en-US"}]}},"_links":{"self":[{"href":"https:\/\/www.pern.pl\/en\/wp-json\/wp\/v2\/pages\/25832","targetHints":{"allow":["GET"]}}],"collection":[{"href":"https:\/\/www.pern.pl\/en\/wp-json\/wp\/v2\/pages"}],"about":[{"href":"https:\/\/www.pern.pl\/en\/wp-json\/wp\/v2\/types\/page"}],"author":[{"embeddable":true,"href":"https:\/\/www.pern.pl\/en\/wp-json\/wp\/v2\/users\/2"}],"replies":[{"embeddable":true,"href":"https:\/\/www.pern.pl\/en\/wp-json\/wp\/v2\/comments?post=25832"}],"version-history":[{"count":0,"href":"https:\/\/www.pern.pl\/en\/wp-json\/wp\/v2\/pages\/25832\/revisions"}],"up":[{"embeddable":true,"href":"https:\/\/www.pern.pl\/en\/wp-json\/wp\/v2\/pages\/25833"}],"wp:attachment":[{"href":"https:\/\/www.pern.pl\/en\/wp-json\/wp\/v2\/media?parent=25832"}],"curies":[{"name":"wp","href":"https:\/\/api.w.org\/{rel}","templated":true}]}}