{"id":25693,"date":"2022-07-06T09:49:00","date_gmt":"2022-07-06T07:49:00","guid":{"rendered":"https:\/\/www.pern.pl\/akredytacja\/"},"modified":"2022-09-01T19:56:37","modified_gmt":"2022-09-01T17:56:37","slug":"accreditation","status":"publish","type":"page","link":"https:\/\/www.pern.pl\/en\/services\/laboratory\/accreditation\/","title":{"rendered":"Accreditation"},"content":{"rendered":"<p>Laboratoria PERN posiadaj\u0105 certyfikat akredytacji laboratorium badawczego.<\/p>\n<p>&nbsp;<\/p>\n<p>Akredytacja s\u0142u\u017cy budowaniu zaufania do wynik\u00f3w bada\u0144, kwalifikacji personelu oraz system\u00f3w zarz\u0105dzania. Fakt posiadania akredytacji przez laboratoria PERN \u015bwiadczy o tym, \u017ce wydawane dla klient\u00f3w wyniki s\u0105 rzetelne, wiarygodne, u\u017cyteczne i prawid\u0142owe. Z kolei wynikaj\u0105cy z akredytacji ci\u0105g\u0142y nadz\u00f3r Polskiego Centrum Akredytacji* jest obiektywnym dowodem na to, \u017ce laboratoria PERN dzia\u0142aj\u0105 zgodnie z najlepsz\u0105 praktyk\u0105.<\/p>\n<p>Akredytowane podmioty ciesz\u0105 si\u0119 zaufaniem w przestrzeni publicznej. Wybieraj\u0105c takie laboratorium, mamy pewno\u015b\u0107 kompetentnego dostawcy us\u0142ug. Akredytacja jest dowodem na niezale\u017cno\u015b\u0107 laboratori\u00f3w Sp\u00f3\u0142ki oraz potwierdzeniem najwy\u017cszych kompetencji. Daje gwarancje na zachowanie bezstronno\u015bci i poufno\u015bci, a jednocze\u015bnie pozwala budowa\u0107 wysok\u0105 pozycj\u0119 na rynku.<\/p>\n<p>&nbsp;<\/p>\n<p>*Polskie Centrum Akredytacji jest krajow\u0105 jednostk\u0105 upowa\u017cnion\u0105 do akredytacji podmiot\u00f3w. Ocenia ich zgodno\u015b\u0107 na podstawie ustawy z dnia 13.04.2016 r. o systemach oceny zgodno\u015bci i nadzoru rynku (t.j. Dz. U. z 2021 r. poz. 514). Zasady akredytacji uj\u0119te s\u0105 w mi\u0119dzynarodowych normach i wytycznych, wed\u0142ug kt\u00f3rych oceniane s\u0105 akredytowane podmioty.<\/p>\n","protected":false},"excerpt":{"rendered":"<p>Laboratoria PERN posiadaj\u0105 certyfikat akredytacji laboratorium badawczego. &nbsp; Akredytacja s\u0142u\u017cy budowaniu zaufania do wynik\u00f3w bada\u0144, kwalifikacji personelu oraz system\u00f3w zarz\u0105dzania. Fakt posiadania akredytacji przez laboratoria PERN \u015bwiadczy o tym, \u017ce wydawane dla klient\u00f3w wyniki s\u0105 &hellip; <a href=\"https:\/\/www.pern.pl\/en\/services\/laboratory\/accreditation\/\" class=\"more-link\">Continue reading<span class=\"screen-reader-text\"> &#8220;Accreditation&#8221;<\/span><\/a><\/p>\n","protected":false},"author":2,"featured_media":0,"parent":25823,"menu_order":288,"comment_status":"closed","ping_status":"closed","template":"page-builder.php","meta":{"_acf_changed":false,"inline_featured_image":false,"footnotes":""},"class_list":["post-25693","page","type-page","status-publish","hentry"],"acf":[],"yoast_head":"<!-- This site is optimized with the Yoast SEO plugin v26.9 - https:\/\/yoast.com\/product\/yoast-seo-wordpress\/ -->\n<title>Accreditation - PERN<\/title>\n<meta name=\"robots\" content=\"index, follow, max-snippet:-1, max-image-preview:large, max-video-preview:-1\" \/>\n<link rel=\"canonical\" href=\"https:\/\/www.pern.pl\/en\/services\/laboratory\/accreditation\/\" \/>\n<meta property=\"og:locale\" content=\"en_US\" \/>\n<meta property=\"og:type\" content=\"article\" \/>\n<meta property=\"og:title\" content=\"Accreditation - PERN\" \/>\n<meta property=\"og:description\" content=\"Laboratoria PERN posiadaj\u0105 certyfikat akredytacji laboratorium badawczego. &nbsp; Akredytacja s\u0142u\u017cy budowaniu zaufania do wynik\u00f3w bada\u0144, kwalifikacji personelu oraz system\u00f3w zarz\u0105dzania. Fakt posiadania akredytacji przez laboratoria PERN \u015bwiadczy o tym, \u017ce wydawane dla klient\u00f3w wyniki s\u0105 &hellip; Continue reading &quot;Accreditation&quot;\" \/>\n<meta property=\"og:url\" content=\"https:\/\/www.pern.pl\/en\/services\/laboratory\/accreditation\/\" \/>\n<meta property=\"og:site_name\" content=\"PERN\" \/>\n<meta property=\"article:modified_time\" content=\"2022-09-01T17:56:37+00:00\" \/>\n<meta name=\"twitter:card\" content=\"summary_large_image\" \/>\n<meta name=\"twitter:label1\" content=\"Est. reading time\" \/>\n\t<meta name=\"twitter:data1\" content=\"1 minute\" \/>\n<script type=\"application\/ld+json\" class=\"yoast-schema-graph\">{\"@context\":\"https:\/\/schema.org\",\"@graph\":[{\"@type\":\"WebPage\",\"@id\":\"https:\/\/www.pern.pl\/en\/services\/laboratory\/accreditation\/\",\"url\":\"https:\/\/www.pern.pl\/en\/services\/laboratory\/accreditation\/\",\"name\":\"Accreditation - PERN\",\"isPartOf\":{\"@id\":\"https:\/\/www.pern.pl\/en\/#website\"},\"datePublished\":\"2022-07-06T07:49:00+00:00\",\"dateModified\":\"2022-09-01T17:56:37+00:00\",\"breadcrumb\":{\"@id\":\"https:\/\/www.pern.pl\/en\/services\/laboratory\/accreditation\/#breadcrumb\"},\"inLanguage\":\"en-US\",\"potentialAction\":[{\"@type\":\"ReadAction\",\"target\":[\"https:\/\/www.pern.pl\/en\/services\/laboratory\/accreditation\/\"]}]},{\"@type\":\"BreadcrumbList\",\"@id\":\"https:\/\/www.pern.pl\/en\/services\/laboratory\/accreditation\/#breadcrumb\",\"itemListElement\":[{\"@type\":\"ListItem\",\"position\":1,\"name\":\"Home\",\"item\":\"https:\/\/www.pern.pl\/en\/\"},{\"@type\":\"ListItem\",\"position\":2,\"name\":\"Services\",\"item\":\"https:\/\/www.pern.pl\/en\/services\/\"},{\"@type\":\"ListItem\",\"position\":3,\"name\":\"Laboratory\",\"item\":\"https:\/\/www.pern.pl\/en\/services\/laboratory\/\"},{\"@type\":\"ListItem\",\"position\":4,\"name\":\"Accreditation\"}]},{\"@type\":\"WebSite\",\"@id\":\"https:\/\/www.pern.pl\/en\/#website\",\"url\":\"https:\/\/www.pern.pl\/en\/\",\"name\":\"PERN\",\"description\":\"\",\"potentialAction\":[{\"@type\":\"SearchAction\",\"target\":{\"@type\":\"EntryPoint\",\"urlTemplate\":\"https:\/\/www.pern.pl\/en\/?s={search_term_string}\"},\"query-input\":{\"@type\":\"PropertyValueSpecification\",\"valueRequired\":true,\"valueName\":\"search_term_string\"}}],\"inLanguage\":\"en-US\"}]}<\/script>\n<!-- \/ Yoast SEO plugin. -->","yoast_head_json":{"title":"Accreditation - PERN","robots":{"index":"index","follow":"follow","max-snippet":"max-snippet:-1","max-image-preview":"max-image-preview:large","max-video-preview":"max-video-preview:-1"},"canonical":"https:\/\/www.pern.pl\/en\/services\/laboratory\/accreditation\/","og_locale":"en_US","og_type":"article","og_title":"Accreditation - PERN","og_description":"Laboratoria PERN posiadaj\u0105 certyfikat akredytacji laboratorium badawczego. &nbsp; Akredytacja s\u0142u\u017cy budowaniu zaufania do wynik\u00f3w bada\u0144, kwalifikacji personelu oraz system\u00f3w zarz\u0105dzania. Fakt posiadania akredytacji przez laboratoria PERN \u015bwiadczy o tym, \u017ce wydawane dla klient\u00f3w wyniki s\u0105 &hellip; Continue reading \"Accreditation\"","og_url":"https:\/\/www.pern.pl\/en\/services\/laboratory\/accreditation\/","og_site_name":"PERN","article_modified_time":"2022-09-01T17:56:37+00:00","twitter_card":"summary_large_image","twitter_misc":{"Est. reading time":"1 minute"},"schema":{"@context":"https:\/\/schema.org","@graph":[{"@type":"WebPage","@id":"https:\/\/www.pern.pl\/en\/services\/laboratory\/accreditation\/","url":"https:\/\/www.pern.pl\/en\/services\/laboratory\/accreditation\/","name":"Accreditation - PERN","isPartOf":{"@id":"https:\/\/www.pern.pl\/en\/#website"},"datePublished":"2022-07-06T07:49:00+00:00","dateModified":"2022-09-01T17:56:37+00:00","breadcrumb":{"@id":"https:\/\/www.pern.pl\/en\/services\/laboratory\/accreditation\/#breadcrumb"},"inLanguage":"en-US","potentialAction":[{"@type":"ReadAction","target":["https:\/\/www.pern.pl\/en\/services\/laboratory\/accreditation\/"]}]},{"@type":"BreadcrumbList","@id":"https:\/\/www.pern.pl\/en\/services\/laboratory\/accreditation\/#breadcrumb","itemListElement":[{"@type":"ListItem","position":1,"name":"Home","item":"https:\/\/www.pern.pl\/en\/"},{"@type":"ListItem","position":2,"name":"Services","item":"https:\/\/www.pern.pl\/en\/services\/"},{"@type":"ListItem","position":3,"name":"Laboratory","item":"https:\/\/www.pern.pl\/en\/services\/laboratory\/"},{"@type":"ListItem","position":4,"name":"Accreditation"}]},{"@type":"WebSite","@id":"https:\/\/www.pern.pl\/en\/#website","url":"https:\/\/www.pern.pl\/en\/","name":"PERN","description":"","potentialAction":[{"@type":"SearchAction","target":{"@type":"EntryPoint","urlTemplate":"https:\/\/www.pern.pl\/en\/?s={search_term_string}"},"query-input":{"@type":"PropertyValueSpecification","valueRequired":true,"valueName":"search_term_string"}}],"inLanguage":"en-US"}]}},"_links":{"self":[{"href":"https:\/\/www.pern.pl\/en\/wp-json\/wp\/v2\/pages\/25693","targetHints":{"allow":["GET"]}}],"collection":[{"href":"https:\/\/www.pern.pl\/en\/wp-json\/wp\/v2\/pages"}],"about":[{"href":"https:\/\/www.pern.pl\/en\/wp-json\/wp\/v2\/types\/page"}],"author":[{"embeddable":true,"href":"https:\/\/www.pern.pl\/en\/wp-json\/wp\/v2\/users\/2"}],"replies":[{"embeddable":true,"href":"https:\/\/www.pern.pl\/en\/wp-json\/wp\/v2\/comments?post=25693"}],"version-history":[{"count":0,"href":"https:\/\/www.pern.pl\/en\/wp-json\/wp\/v2\/pages\/25693\/revisions"}],"up":[{"embeddable":true,"href":"https:\/\/www.pern.pl\/en\/wp-json\/wp\/v2\/pages\/25823"}],"wp:attachment":[{"href":"https:\/\/www.pern.pl\/en\/wp-json\/wp\/v2\/media?parent=25693"}],"curies":[{"name":"wp","href":"https:\/\/api.w.org\/{rel}","templated":true}]}}