{"id":25526,"date":"2022-07-29T12:52:17","date_gmt":"2022-07-29T10:52:17","guid":{"rendered":"https:\/\/www.pern.pl\/bip-ogloszenia\/"},"modified":"2026-04-15T10:10:21","modified_gmt":"2026-04-15T08:10:21","slug":"bip-ogloszenia","status":"publish","type":"page","link":"https:\/\/www.pern.pl\/de\/bipbiuletyn-informacji-publicznej\/bip-ogloszenia\/","title":{"rendered":"Og\u0142oszenia"},"content":{"rendered":"<hr \/>\n<p>11.01.2023 Og\u0142oszenie o wszcz\u0119ciu post\u0119powania kwalifikacyjnego na Cz\u0142onka Zarz\u0105du Naftoport Sp. z o.o.<\/p>\n<p><a href=\"https:\/\/www.pern.pl\/wp-content\/uploads\/2023\/01\/NAFTOPORT_01_postepowanie-kwalifikacyjne-na-Czlonka-Zarzadu_ogloszenie.pdf\">NAFTOPORT_01_post\u0119powanie kwalifikacyjne na Cz\u0142onka Zarz\u0105du_og\u0142oszenie<\/a><\/p>\n<p><a href=\"https:\/\/www.pern.pl\/wp-content\/uploads\/2023\/01\/NAFTOPORT_02_postepowanie-kwalifikacyjne-na-Czlonka-Zarzadu_zgloszenie-i-oswiadczenia.docx\">NAFTOPORT_02_post\u0119powanie kwalifikacyjne na Cz\u0142onka Zarz\u0105du_zg\u0142oszenie i o\u015bwiadczenia<\/a><\/p>\n<hr \/>\n<p>17.02.2021\u00a0Og\u0142oszenie dotycz\u0105ce przeprowadzenia post\u0119powania kwalifikacyjnego na\u00a0Cz\u0142onka Zarz\u0105du \u2013 Wiceprezesa Zarz\u0105du \u201eNaftor\u201d Sp. z\u00a0o.o. z\u00a0siedzib\u0105 w\u00a0Rasztowie<\/p>\n<p><a class=\"mtli_attachment mtli_pdf\" href=\"https:\/\/pern.pl\/media\/2016\/09\/NAFTOR_Ogloszenie_210217.pdf\">NAFTOR_Og\u0142oszenie_210217<\/a><\/p>\n<hr \/>\n<p>15.12.2020\u00a0Og\u0142oszenie \u2013 Nieograniczony przetarg pisemny na\u00a0sprzeda\u017c pojazd\u00f3w \u2013\u00a0<a class=\"mtli_attachment mtli_pdf\" href=\"https:\/\/pern.pl\/media\/2020\/12\/201207_Ogloszenie_III_etap_sprzedaz_sam_.pdf\">SPRAWD\u0179 SZCZEG\u00d3\u0141Y<\/a><\/p>\n<hr \/>\n<p>27.10.2020\u00a0Og\u0142oszenie \u2013 Nieograniczony przetarg pisemny na\u00a0sprzeda\u017c pojazd\u00f3w \u2013\u00a0<a class=\"mtli_attachment mtli_pdf\" href=\"https:\/\/pern.pl\/media\/2016\/09\/201015_PAT_Ogloszenie_Sprzedaz_samochodow_II_Etap.pdf\">SPRAWD\u0179 SZCZEG\u00d3\u0141Y<\/a><\/p>\n<hr \/>\n<p>21.09.2020\u00a0Og\u0142oszenie \u2013 Nieograniczony przetarg pisemny na\u00a0sprzeda\u017c pojazd\u00f3w \u2013\u00a0<a class=\"mtli_attachment mtli_pdf\" href=\"https:\/\/pern.pl\/media\/2016\/09\/Og%C5%82oszenie_Przetarg_sprzeda%C5%BC_pojazd%C3%B3w_2020_Ietap.pdf\">SPRAWD\u0179 SZCZEG\u00d3\u0141Y<\/a>.<\/p>\n<hr \/>\n<p>15.09.2020\u00a0Og\u0142oszenie dotycz\u0105ce przeprowadzenia post\u0119powania kwalifikacyjnego na\u00a0Cz\u0142onka Zarz\u0105du \u2013 Prezesa Zarz\u0105du Sp\u00f3\u0142ki \u201cNaftoserwis\u201d Sp\u00f3\u0142ka z\u00a0ograniczon\u0105 odpowiedzialno\u015bci\u0105 z\u00a0siedzib\u0105 w\u00a0Warszawie.<\/p>\n<p><a class=\"mtli_attachment mtli_pdf\" href=\"https:\/\/pern.pl\/media\/2016\/09\/NAFTOSERWIS_Og%C5%82oszenie_200915_Za%C5%82-2.pdf\">NAFTOSERWIS_Og\u0142oszenie_200915_Za\u0142 2<\/a><\/p>\n<hr \/>\n<p>10.09.2020\u00a0Og\u0142oszenie dotycz\u0105ce przeprowadzenia post\u0119powania kwalifikacyjnego na\u00a0Cz\u0142onka Zarz\u0105du Sp\u00f3\u0142ki Przedsi\u0119biorstwo Prze\u0142adunku Paliw P\u0142ynnych \u201eNAFTOPORT\u201d Sp\u00f3\u0142ka z\u00a0ograniczon\u0105 odpowiedzialno\u015bci\u0105 z\u00a0siedzib\u0105 w\u00a0Gda\u0144sku.<\/p>\n<p><a class=\"mtli_attachment mtli_pdf\" href=\"https:\/\/pern.pl\/media\/2016\/09\/NAFTOPORT_Og%C5%82oszenie_200904-Za%C5%82-2.pdf\">NAFTOPORT_Og\u0142oszenie_200904-Za\u0142 2<\/a><\/p>\n<p><a class=\"mtli_attachment mtli_docx\" href=\"https:\/\/pern.pl\/media\/2016\/09\/NAFTOPORT_Og%C5%82oszenie_Zg%C5%82oszenie-i-o%C5%9Bwiadczenia_200904.docx\">NAFTOPORT_Og\u0142oszenie_Zg\u0142oszenie i\u00a0o\u015bwiadczenia_200904<\/a><\/p>\n<hr \/>\n<p>28.07.2020\u00a0Og\u0142oszenie dotycz\u0105ce przeprowadzenia post\u0119powania kwalifikacyjnego na\u00a0Cz\u0142onka Zarz\u0105du \u2013 Prezesa Zarz\u0105du Sp\u00f3\u0142ki Przedsi\u0119biorstwo Prze\u0142adunku Paliw P\u0142ynnych NAFTOPORT Sp. z\u00a0o.o.<\/p>\n<p><a class=\"mtli_attachment mtli_pdf\" href=\"https:\/\/pern.pl\/media\/2016\/09\/NAFTOPORT_Og%C5%82oszenie_200717-Za%C5%82-2-.pdf\">NAFTOPORT_Og\u0142oszenie_200717-Za\u0142 2<\/a><\/p>\n<p><a class=\"mtli_attachment mtli_docx\" href=\"https:\/\/pern.pl\/media\/2016\/09\/NAFTOPORT_Og%C5%82oszenie_Zg%C5%82oszenie-i-o%C5%9Bwiadczenia_200717.docx\">NAFTOPORT_Og\u0142oszenie_Zg\u0142oszenie i\u00a0o\u015bwiadczenia_200717<\/a><\/p>\n<hr \/>\n<p>26.05.2020\u00a0Og\u0142oszenie dotycz\u0105ce przetargu na\u00a0sprzeda\u017c prawa u\u017cytkowania wieczystego gruntu oznaczonego w\u00a0ewidencji grunt\u00f3w jako dzia\u0142ka nr\u00a02945\u00a0o\u00a0powierzchni 25,8482\u00a0ha\u00a0wraz z\u00a0prawem w\u0142asno\u015bci budynk\u00f3w i\u00a0budowli w\u00a0\u017baganiu, w\u00a0gminie \u017baga\u0144, powiat \u017caga\u0144ski, wojew\u00f3dztwo lubuskie.<\/p>\n<p><a class=\"mtli_attachment mtli_pdf\" href=\"https:\/\/pern.pl\/media\/2016\/09\/Og%C5%82oszenie-przetargowe-dzia%C5%82ka-nr-2945-tre%C5%9B%C4%87.pdf\">Og\u0142oszenie przetargowe \u2013 dzia\u0142ka nr\u00a02945 \u2013 tre\u015b\u0107<\/a><\/p>\n<p><a class=\"mtli_attachment mtli_pdf\" href=\"https:\/\/pern.pl\/media\/2016\/09\/Ogloszenie_zalacznik-nr-1A-ochrona-dokumentow-osoba-prawna.pdf\">Og\u0142oszenie \u2013 za\u0142\u0105cznik nr\u00a01A \u2013 ochrona dokument\u00f3w \u2013 osoba prawna<\/a><\/p>\n<p><a class=\"mtli_attachment mtli_pdf\" href=\"https:\/\/pern.pl\/media\/2016\/09\/Ogloszenie_zalacznik-nr-1B-ochrona-dokumentow-osoba-fizyczna.pdf\">Og\u0142oszenie \u2013 za\u0142\u0105cznik nr\u00a01B \u2013 ochrona dokument\u00f3w \u2013 osoba fizyczna<\/a><\/p>\n<p><a class=\"mtli_attachment mtli_pdf\" href=\"https:\/\/pern.pl\/media\/2016\/09\/Ogloszenie_zalacznik-2A-zdolnosc-osoba-prawna.pdf\">Og\u0142oszenie \u2013 za\u0142\u0105cznik 2A \u2013 zdolno\u015b\u0107 \u2013 osoba prawna<\/a><\/p>\n<p><a class=\"mtli_attachment mtli_pdf\" href=\"https:\/\/pern.pl\/media\/2016\/09\/Ogloszenie_zalacznik-2B-zdolnosc-osoba-fizyczna.pdf\">Og\u0142oszenie \u2013 za\u0142\u0105cznik 2B \u2013 zdolno\u015b\u0107 \u2013 osoba fizyczna<\/a><\/p>\n<p><a class=\"mtli_attachment mtli_pdf\" href=\"https:\/\/pern.pl\/media\/2016\/09\/Ogloszenie_zalacznik-nr-3A.pdf\">Og\u0142oszenie \u2013 za\u0142\u0105cznik nr\u00a03A<\/a><\/p>\n<p><a class=\"mtli_attachment mtli_pdf\" href=\"https:\/\/pern.pl\/media\/2016\/09\/Ogloszenie_zalacznik-nr-3B.pdf\">Ogloszenie \u2013 za\u0142\u0105cznik nr\u00a03B<\/a><\/p>\n<hr \/>\n<p>14.08.2019\u00a0Og\u0142oszenie dotycz\u0105ce przeprowadzenia post\u0119powania kwalifikacyjnego\u00a0 na\u00a0Cz\u0142onka Zarz\u0105du \u2013 Prezesa Zarz\u0105du \u201eSiarkopol\u201d Gda\u0144sk S.A.<\/p>\n<p><a class=\"mtli_attachment mtli_pdf\" href=\"https:\/\/pern.pl\/media\/2016\/09\/Og%C5%82oszenie_post%C4%99powanie-kwalifikacyjne.pdf\">Za\u0142\u0105cznik nr\u00a02\u00a0Og\u0142oszenie dotycz\u0105ce przeprowadzenia post\u0119powania kwalifikacyjnego<\/a><\/p>\n<p><a class=\"mtli_attachment mtli_pdf\" href=\"https:\/\/pern.pl\/media\/2016\/09\/zg%C5%82oszenie-i-o%C5%9Bwiadczenia.pdf\">Za\u0142acznik nr\u00a03\u00a0Zg\u0142oszenie i\u00a0o\u015bwiadczenia<\/a><\/p>\n<hr \/>\n<p>25.06.2019\u00a0Og\u0142oszenie dotycz\u0105ce przeprowadzenia post\u0119powania kwalifikacyjnego na\u00a0cz\u0142onka Zarz\u0105du Sp\u00f3\u0142ki \u2013 Prezesa Zarz\u0105du \u201cNaftor\u201d<\/p>\n<p><a class=\"mtli_attachment mtli_pdf\" href=\"https:\/\/pern.pl\/media\/2016\/09\/RN-22-VIII-2019-za%C5%82.-2.pdf\">RN\u00a022\u00a0VIII 2019\u00a0za\u0142. 2<\/a><\/p>\n<hr \/>\n<p>27.05.2019\u00a0Og\u0142oszenie dotycz\u0105ce przeprowadzenia post\u0119powania kwalifikacyjnego na\u00a0cz\u0142onka Zarz\u0105du Sp\u00f3\u0142ki \u201cNaftor\u201d Sp. z\u00a0o. o. z\u00a0siedzib\u0105 w\u00a0Rasztowie<\/p>\n<p><a class=\"mtli_attachment mtli_pdf\" href=\"https:\/\/pern.pl\/media\/2016\/09\/RN-16-VIII-2019-zal.-2.pdf\">Za\u0142\u0105cznik nr\u00a02\u00a0do\u00a0uchwa\u0142y nr\u00a016\/VIII\/2019\u00a0Rady Nadzorczej \u201cNaftor\u201d Sp. z\u00a0o.o. z\u00a0dnia 27\u00a0maja 2019\u00a0r.<\/a><\/p>\n<hr \/>\n<p>26.04.2019\u00a0Og\u0142oszenie dotycz\u0105ce przeprowadzenia post\u0119powania kwalifikacyjnego na\u00a0cz\u0142onka Zarz\u0105du Sp\u00f3\u0142ki \u201cNaftoserwis\u201d Sp\u00f3\u0142ka z\u00a0ograniczon\u0105 odpowiedzialno\u015bci\u0105 z\u00a0siedzib\u0105 w\u00a0Warszawie.<\/p>\n<p><a class=\"mtli_attachment mtli_pdf\" href=\"https:\/\/pern.pl\/media\/2016\/09\/Og%C5%82oszenie-dotycz%C4%85ce-przeprowadzenia-post%C4%99powania-kwalifikacyjnego-na-Cz%C5%82onka-Zarz%C4%85du-Prezesa-Zarz%C4%85du-Naftosewis.pdf\">Za\u0142\u0105cznik nr\u00a02\u00a0Og\u0142oszenie dotycz\u0105ce przeprowadzenia post\u0119powania kwalifikacyjnego na Cz\u0142onka Zarz\u0105du- Prezesa Zarz\u0105du Naftosewis<\/a><\/p>\n<hr \/>\n<p>08.04.2019\u00a0Og\u0142oszenie dotycz\u0105ce przeprowadzenia post\u0119powania kwalifikacyjnego na\u00a0cz\u0142onk\u00f3w Zarz\u0105du Sp\u00f3\u0142ki \u201cNaftor\u201d Sp. z\u00a0o. o. z\u00a0siedzib\u0105 w\u00a0Rasztowie<\/p>\n<p><a class=\"mtli_attachment mtli_pdf\" href=\"https:\/\/pern.pl\/media\/2016\/09\/Zal_2_Ogloszenie_postepowanie_kwalifikacyjne.pdf\">Za\u0142\u0105cznik nr\u00a02\u00a0do\u00a0uchwa\u0142y nr\u00a010\/VIII\/2019\u00a0Rady Nadzorczej \u201cNaftor\u201d Sp. z\u00a0o.o. z\u00a0dnia 5\u00a0kwietnia 2019\u00a0r.<\/a><\/p>\n<p>&nbsp;<\/p>\n","protected":false},"excerpt":{"rendered":"<p>11.01.2023 Og\u0142oszenie o wszcz\u0119ciu post\u0119powania kwalifikacyjnego na Cz\u0142onka Zarz\u0105du Naftoport Sp. z o.o. NAFTOPORT_01_post\u0119powanie kwalifikacyjne na Cz\u0142onka Zarz\u0105du_og\u0142oszenie NAFTOPORT_02_post\u0119powanie kwalifikacyjne na Cz\u0142onka Zarz\u0105du_zg\u0142oszenie i o\u015bwiadczenia 17.02.2021\u00a0Og\u0142oszenie dotycz\u0105ce przeprowadzenia post\u0119powania kwalifikacyjnego na\u00a0Cz\u0142onka Zarz\u0105du \u2013 Wiceprezesa Zarz\u0105du &hellip; <a href=\"https:\/\/www.pern.pl\/de\/bipbiuletyn-informacji-publicznej\/bip-ogloszenia\/\" class=\"more-link\">Continue reading<span class=\"screen-reader-text\"> &#8222;Og\u0142oszenia&#8220;<\/span><\/a><\/p>\n","protected":false},"author":2,"featured_media":7531,"parent":25792,"menu_order":70,"comment_status":"closed","ping_status":"closed","template":"page-builder.php","meta":{"_acf_changed":false,"inline_featured_image":false,"footnotes":""},"class_list":["post-25526","page","type-page","status-publish","has-post-thumbnail","hentry"],"acf":[],"yoast_head":"<!-- This site is optimized with the Yoast SEO plugin v26.9 - https:\/\/yoast.com\/product\/yoast-seo-wordpress\/ -->\n<title>Og\u0142oszenia - PERN<\/title>\n<meta name=\"robots\" content=\"index, follow, max-snippet:-1, max-image-preview:large, max-video-preview:-1\" \/>\n<link rel=\"canonical\" href=\"https:\/\/www.pern.pl\/de\/bipbiuletyn-informacji-publicznej\/bip-ogloszenia\/\" \/>\n<meta property=\"og:locale\" content=\"de_DE\" \/>\n<meta property=\"og:type\" content=\"article\" \/>\n<meta property=\"og:title\" content=\"Og\u0142oszenia - PERN\" \/>\n<meta property=\"og:description\" content=\"11.01.2023 Og\u0142oszenie o wszcz\u0119ciu post\u0119powania kwalifikacyjnego na Cz\u0142onka Zarz\u0105du Naftoport Sp. z o.o. NAFTOPORT_01_post\u0119powanie kwalifikacyjne na Cz\u0142onka Zarz\u0105du_og\u0142oszenie NAFTOPORT_02_post\u0119powanie kwalifikacyjne na Cz\u0142onka Zarz\u0105du_zg\u0142oszenie i o\u015bwiadczenia 17.02.2021\u00a0Og\u0142oszenie dotycz\u0105ce przeprowadzenia post\u0119powania kwalifikacyjnego na\u00a0Cz\u0142onka Zarz\u0105du \u2013 Wiceprezesa Zarz\u0105du &hellip; Continue reading &quot;Og\u0142oszenia&quot;\" \/>\n<meta property=\"og:url\" content=\"https:\/\/www.pern.pl\/de\/bipbiuletyn-informacji-publicznej\/bip-ogloszenia\/\" \/>\n<meta property=\"og:site_name\" content=\"PERN\" \/>\n<meta property=\"article:modified_time\" content=\"2026-04-15T08:10:21+00:00\" \/>\n<meta property=\"og:image\" content=\"https:\/\/www.pern.pl\/wp-content\/uploads\/2022\/08\/ogloszenia2.jpeg\" \/>\n\t<meta property=\"og:image:width\" content=\"800\" \/>\n\t<meta property=\"og:image:height\" content=\"533\" \/>\n\t<meta property=\"og:image:type\" content=\"image\/jpeg\" \/>\n<meta name=\"twitter:card\" content=\"summary_large_image\" \/>\n<meta name=\"twitter:label1\" content=\"Gesch\u00e4tzte Lesezeit\" \/>\n\t<meta name=\"twitter:data1\" content=\"3\u00a0Minuten\" \/>\n<script type=\"application\/ld+json\" class=\"yoast-schema-graph\">{\"@context\":\"https:\/\/schema.org\",\"@graph\":[{\"@type\":\"WebPage\",\"@id\":\"https:\/\/www.pern.pl\/de\/bipbiuletyn-informacji-publicznej\/bip-ogloszenia\/\",\"url\":\"https:\/\/www.pern.pl\/de\/bipbiuletyn-informacji-publicznej\/bip-ogloszenia\/\",\"name\":\"Og\u0142oszenia - PERN\",\"isPartOf\":{\"@id\":\"https:\/\/www.pern.pl\/de\/#website\"},\"primaryImageOfPage\":{\"@id\":\"https:\/\/www.pern.pl\/de\/bipbiuletyn-informacji-publicznej\/bip-ogloszenia\/#primaryimage\"},\"image\":{\"@id\":\"https:\/\/www.pern.pl\/de\/bipbiuletyn-informacji-publicznej\/bip-ogloszenia\/#primaryimage\"},\"thumbnailUrl\":\"https:\/\/www.pern.pl\/wp-content\/uploads\/2022\/08\/ogloszenia2.jpeg\",\"datePublished\":\"2022-07-29T10:52:17+00:00\",\"dateModified\":\"2026-04-15T08:10:21+00:00\",\"breadcrumb\":{\"@id\":\"https:\/\/www.pern.pl\/de\/bipbiuletyn-informacji-publicznej\/bip-ogloszenia\/#breadcrumb\"},\"inLanguage\":\"de\",\"potentialAction\":[{\"@type\":\"ReadAction\",\"target\":[\"https:\/\/www.pern.pl\/de\/bipbiuletyn-informacji-publicznej\/bip-ogloszenia\/\"]}]},{\"@type\":\"ImageObject\",\"inLanguage\":\"de\",\"@id\":\"https:\/\/www.pern.pl\/de\/bipbiuletyn-informacji-publicznej\/bip-ogloszenia\/#primaryimage\",\"url\":\"https:\/\/www.pern.pl\/wp-content\/uploads\/2022\/08\/ogloszenia2.jpeg\",\"contentUrl\":\"https:\/\/www.pern.pl\/wp-content\/uploads\/2022\/08\/ogloszenia2.jpeg\",\"width\":800,\"height\":533},{\"@type\":\"BreadcrumbList\",\"@id\":\"https:\/\/www.pern.pl\/de\/bipbiuletyn-informacji-publicznej\/bip-ogloszenia\/#breadcrumb\",\"itemListElement\":[{\"@type\":\"ListItem\",\"position\":1,\"name\":\"Homepage\",\"item\":\"https:\/\/www.pern.pl\/de\/\"},{\"@type\":\"ListItem\",\"position\":2,\"name\":\"BIP (Biuletyn Informacji Publicznej)\",\"item\":\"https:\/\/www.pern.pl\/de\/bipbiuletyn-informacji-publicznej\/\"},{\"@type\":\"ListItem\",\"position\":3,\"name\":\"Og\u0142oszenia\"}]},{\"@type\":\"WebSite\",\"@id\":\"https:\/\/www.pern.pl\/de\/#website\",\"url\":\"https:\/\/www.pern.pl\/de\/\",\"name\":\"PERN\",\"description\":\"\",\"potentialAction\":[{\"@type\":\"SearchAction\",\"target\":{\"@type\":\"EntryPoint\",\"urlTemplate\":\"https:\/\/www.pern.pl\/de\/?s={search_term_string}\"},\"query-input\":{\"@type\":\"PropertyValueSpecification\",\"valueRequired\":true,\"valueName\":\"search_term_string\"}}],\"inLanguage\":\"de\"}]}<\/script>\n<!-- \/ Yoast SEO plugin. -->","yoast_head_json":{"title":"Og\u0142oszenia - PERN","robots":{"index":"index","follow":"follow","max-snippet":"max-snippet:-1","max-image-preview":"max-image-preview:large","max-video-preview":"max-video-preview:-1"},"canonical":"https:\/\/www.pern.pl\/de\/bipbiuletyn-informacji-publicznej\/bip-ogloszenia\/","og_locale":"de_DE","og_type":"article","og_title":"Og\u0142oszenia - PERN","og_description":"11.01.2023 Og\u0142oszenie o wszcz\u0119ciu post\u0119powania kwalifikacyjnego na Cz\u0142onka Zarz\u0105du Naftoport Sp. z o.o. NAFTOPORT_01_post\u0119powanie kwalifikacyjne na Cz\u0142onka Zarz\u0105du_og\u0142oszenie NAFTOPORT_02_post\u0119powanie kwalifikacyjne na Cz\u0142onka Zarz\u0105du_zg\u0142oszenie i o\u015bwiadczenia 17.02.2021\u00a0Og\u0142oszenie dotycz\u0105ce przeprowadzenia post\u0119powania kwalifikacyjnego na\u00a0Cz\u0142onka Zarz\u0105du \u2013 Wiceprezesa Zarz\u0105du &hellip; Continue reading \"Og\u0142oszenia\"","og_url":"https:\/\/www.pern.pl\/de\/bipbiuletyn-informacji-publicznej\/bip-ogloszenia\/","og_site_name":"PERN","article_modified_time":"2026-04-15T08:10:21+00:00","og_image":[{"width":800,"height":533,"url":"https:\/\/www.pern.pl\/wp-content\/uploads\/2022\/08\/ogloszenia2.jpeg","type":"image\/jpeg"}],"twitter_card":"summary_large_image","twitter_misc":{"Gesch\u00e4tzte Lesezeit":"3\u00a0Minuten"},"schema":{"@context":"https:\/\/schema.org","@graph":[{"@type":"WebPage","@id":"https:\/\/www.pern.pl\/de\/bipbiuletyn-informacji-publicznej\/bip-ogloszenia\/","url":"https:\/\/www.pern.pl\/de\/bipbiuletyn-informacji-publicznej\/bip-ogloszenia\/","name":"Og\u0142oszenia - PERN","isPartOf":{"@id":"https:\/\/www.pern.pl\/de\/#website"},"primaryImageOfPage":{"@id":"https:\/\/www.pern.pl\/de\/bipbiuletyn-informacji-publicznej\/bip-ogloszenia\/#primaryimage"},"image":{"@id":"https:\/\/www.pern.pl\/de\/bipbiuletyn-informacji-publicznej\/bip-ogloszenia\/#primaryimage"},"thumbnailUrl":"https:\/\/www.pern.pl\/wp-content\/uploads\/2022\/08\/ogloszenia2.jpeg","datePublished":"2022-07-29T10:52:17+00:00","dateModified":"2026-04-15T08:10:21+00:00","breadcrumb":{"@id":"https:\/\/www.pern.pl\/de\/bipbiuletyn-informacji-publicznej\/bip-ogloszenia\/#breadcrumb"},"inLanguage":"de","potentialAction":[{"@type":"ReadAction","target":["https:\/\/www.pern.pl\/de\/bipbiuletyn-informacji-publicznej\/bip-ogloszenia\/"]}]},{"@type":"ImageObject","inLanguage":"de","@id":"https:\/\/www.pern.pl\/de\/bipbiuletyn-informacji-publicznej\/bip-ogloszenia\/#primaryimage","url":"https:\/\/www.pern.pl\/wp-content\/uploads\/2022\/08\/ogloszenia2.jpeg","contentUrl":"https:\/\/www.pern.pl\/wp-content\/uploads\/2022\/08\/ogloszenia2.jpeg","width":800,"height":533},{"@type":"BreadcrumbList","@id":"https:\/\/www.pern.pl\/de\/bipbiuletyn-informacji-publicznej\/bip-ogloszenia\/#breadcrumb","itemListElement":[{"@type":"ListItem","position":1,"name":"Homepage","item":"https:\/\/www.pern.pl\/de\/"},{"@type":"ListItem","position":2,"name":"BIP (Biuletyn Informacji Publicznej)","item":"https:\/\/www.pern.pl\/de\/bipbiuletyn-informacji-publicznej\/"},{"@type":"ListItem","position":3,"name":"Og\u0142oszenia"}]},{"@type":"WebSite","@id":"https:\/\/www.pern.pl\/de\/#website","url":"https:\/\/www.pern.pl\/de\/","name":"PERN","description":"","potentialAction":[{"@type":"SearchAction","target":{"@type":"EntryPoint","urlTemplate":"https:\/\/www.pern.pl\/de\/?s={search_term_string}"},"query-input":{"@type":"PropertyValueSpecification","valueRequired":true,"valueName":"search_term_string"}}],"inLanguage":"de"}]}},"_links":{"self":[{"href":"https:\/\/www.pern.pl\/de\/wp-json\/wp\/v2\/pages\/25526","targetHints":{"allow":["GET"]}}],"collection":[{"href":"https:\/\/www.pern.pl\/de\/wp-json\/wp\/v2\/pages"}],"about":[{"href":"https:\/\/www.pern.pl\/de\/wp-json\/wp\/v2\/types\/page"}],"author":[{"embeddable":true,"href":"https:\/\/www.pern.pl\/de\/wp-json\/wp\/v2\/users\/2"}],"replies":[{"embeddable":true,"href":"https:\/\/www.pern.pl\/de\/wp-json\/wp\/v2\/comments?post=25526"}],"version-history":[{"count":4,"href":"https:\/\/www.pern.pl\/de\/wp-json\/wp\/v2\/pages\/25526\/revisions"}],"predecessor-version":[{"id":53475,"href":"https:\/\/www.pern.pl\/de\/wp-json\/wp\/v2\/pages\/25526\/revisions\/53475"}],"up":[{"embeddable":true,"href":"https:\/\/www.pern.pl\/de\/wp-json\/wp\/v2\/pages\/25792"}],"wp:featuredmedia":[{"embeddable":true,"href":"https:\/\/www.pern.pl\/de\/wp-json\/wp\/v2\/media\/7531"}],"wp:attachment":[{"href":"https:\/\/www.pern.pl\/de\/wp-json\/wp\/v2\/media?parent=25526"}],"curies":[{"name":"wp","href":"https:\/\/api.w.org\/{rel}","templated":true}]}}