{"id":25499,"date":"2022-07-29T12:54:31","date_gmt":"2022-07-29T10:54:31","guid":{"rendered":"https:\/\/www.pern.pl\/bip-majatek-spolki-2\/"},"modified":"2023-03-09T13:31:10","modified_gmt":"2023-03-09T12:31:10","slug":"bip-majatek-spolki","status":"publish","type":"page","link":"https:\/\/www.pern.pl\/de\/bipbiuletyn-informacji-publicznej\/bip-majatek-spolki\/","title":{"rendered":"Maj\u0105tek sp\u00f3\u0142ki"},"content":{"rendered":"","protected":false},"excerpt":{"rendered":"","protected":false},"author":2,"featured_media":7521,"parent":25792,"menu_order":90,"comment_status":"closed","ping_status":"closed","template":"page-builder.php","meta":{"_acf_changed":false,"inline_featured_image":false,"footnotes":""},"class_list":["post-25499","page","type-page","status-publish","has-post-thumbnail","hentry"],"acf":[],"yoast_head":"<!-- This site is optimized with the Yoast SEO plugin v26.9 - https:\/\/yoast.com\/product\/yoast-seo-wordpress\/ -->\n<title>Maj\u0105tek sp\u00f3\u0142ki - PERN<\/title>\n<meta name=\"robots\" content=\"index, follow, max-snippet:-1, max-image-preview:large, max-video-preview:-1\" \/>\n<link rel=\"canonical\" href=\"https:\/\/www.pern.pl\/de\/bipbiuletyn-informacji-publicznej\/bip-majatek-spolki\/\" \/>\n<meta property=\"og:locale\" content=\"de_DE\" \/>\n<meta property=\"og:type\" content=\"article\" \/>\n<meta property=\"og:title\" content=\"Maj\u0105tek sp\u00f3\u0142ki - PERN\" \/>\n<meta property=\"og:url\" content=\"https:\/\/www.pern.pl\/de\/bipbiuletyn-informacji-publicznej\/bip-majatek-spolki\/\" \/>\n<meta property=\"og:site_name\" content=\"PERN\" \/>\n<meta property=\"article:modified_time\" content=\"2023-03-09T12:31:10+00:00\" \/>\n<meta property=\"og:image\" content=\"https:\/\/www.pern.pl\/wp-content\/uploads\/2022\/08\/Reports_-_shutterstock__Chaosamran_Studio-scaled.jpg\" \/>\n\t<meta property=\"og:image:width\" content=\"2560\" \/>\n\t<meta property=\"og:image:height\" content=\"1590\" \/>\n\t<meta property=\"og:image:type\" content=\"image\/jpeg\" \/>\n<meta name=\"twitter:card\" content=\"summary_large_image\" \/>\n<script type=\"application\/ld+json\" class=\"yoast-schema-graph\">{\"@context\":\"https:\/\/schema.org\",\"@graph\":[{\"@type\":\"WebPage\",\"@id\":\"https:\/\/www.pern.pl\/de\/bipbiuletyn-informacji-publicznej\/bip-majatek-spolki\/\",\"url\":\"https:\/\/www.pern.pl\/de\/bipbiuletyn-informacji-publicznej\/bip-majatek-spolki\/\",\"name\":\"Maj\u0105tek sp\u00f3\u0142ki - PERN\",\"isPartOf\":{\"@id\":\"https:\/\/www.pern.pl\/de\/#website\"},\"primaryImageOfPage\":{\"@id\":\"https:\/\/www.pern.pl\/de\/bipbiuletyn-informacji-publicznej\/bip-majatek-spolki\/#primaryimage\"},\"image\":{\"@id\":\"https:\/\/www.pern.pl\/de\/bipbiuletyn-informacji-publicznej\/bip-majatek-spolki\/#primaryimage\"},\"thumbnailUrl\":\"https:\/\/www.pern.pl\/wp-content\/uploads\/2022\/08\/Reports_-_shutterstock__Chaosamran_Studio-scaled.jpg\",\"datePublished\":\"2022-07-29T10:54:31+00:00\",\"dateModified\":\"2023-03-09T12:31:10+00:00\",\"breadcrumb\":{\"@id\":\"https:\/\/www.pern.pl\/de\/bipbiuletyn-informacji-publicznej\/bip-majatek-spolki\/#breadcrumb\"},\"inLanguage\":\"de\",\"potentialAction\":[{\"@type\":\"ReadAction\",\"target\":[\"https:\/\/www.pern.pl\/de\/bipbiuletyn-informacji-publicznej\/bip-majatek-spolki\/\"]}]},{\"@type\":\"ImageObject\",\"inLanguage\":\"de\",\"@id\":\"https:\/\/www.pern.pl\/de\/bipbiuletyn-informacji-publicznej\/bip-majatek-spolki\/#primaryimage\",\"url\":\"https:\/\/www.pern.pl\/wp-content\/uploads\/2022\/08\/Reports_-_shutterstock__Chaosamran_Studio-scaled.jpg\",\"contentUrl\":\"https:\/\/www.pern.pl\/wp-content\/uploads\/2022\/08\/Reports_-_shutterstock__Chaosamran_Studio-scaled.jpg\",\"width\":2560,\"height\":1590},{\"@type\":\"BreadcrumbList\",\"@id\":\"https:\/\/www.pern.pl\/de\/bipbiuletyn-informacji-publicznej\/bip-majatek-spolki\/#breadcrumb\",\"itemListElement\":[{\"@type\":\"ListItem\",\"position\":1,\"name\":\"Homepage\",\"item\":\"https:\/\/www.pern.pl\/de\/\"},{\"@type\":\"ListItem\",\"position\":2,\"name\":\"BIP (Biuletyn Informacji Publicznej)\",\"item\":\"https:\/\/www.pern.pl\/de\/bipbiuletyn-informacji-publicznej\/\"},{\"@type\":\"ListItem\",\"position\":3,\"name\":\"Maj\u0105tek sp\u00f3\u0142ki\"}]},{\"@type\":\"WebSite\",\"@id\":\"https:\/\/www.pern.pl\/de\/#website\",\"url\":\"https:\/\/www.pern.pl\/de\/\",\"name\":\"PERN\",\"description\":\"\",\"potentialAction\":[{\"@type\":\"SearchAction\",\"target\":{\"@type\":\"EntryPoint\",\"urlTemplate\":\"https:\/\/www.pern.pl\/de\/?s={search_term_string}\"},\"query-input\":{\"@type\":\"PropertyValueSpecification\",\"valueRequired\":true,\"valueName\":\"search_term_string\"}}],\"inLanguage\":\"de\"}]}<\/script>\n<!-- \/ Yoast SEO plugin. -->","yoast_head_json":{"title":"Maj\u0105tek sp\u00f3\u0142ki - PERN","robots":{"index":"index","follow":"follow","max-snippet":"max-snippet:-1","max-image-preview":"max-image-preview:large","max-video-preview":"max-video-preview:-1"},"canonical":"https:\/\/www.pern.pl\/de\/bipbiuletyn-informacji-publicznej\/bip-majatek-spolki\/","og_locale":"de_DE","og_type":"article","og_title":"Maj\u0105tek sp\u00f3\u0142ki - PERN","og_url":"https:\/\/www.pern.pl\/de\/bipbiuletyn-informacji-publicznej\/bip-majatek-spolki\/","og_site_name":"PERN","article_modified_time":"2023-03-09T12:31:10+00:00","og_image":[{"width":2560,"height":1590,"url":"https:\/\/www.pern.pl\/wp-content\/uploads\/2022\/08\/Reports_-_shutterstock__Chaosamran_Studio-scaled.jpg","type":"image\/jpeg"}],"twitter_card":"summary_large_image","schema":{"@context":"https:\/\/schema.org","@graph":[{"@type":"WebPage","@id":"https:\/\/www.pern.pl\/de\/bipbiuletyn-informacji-publicznej\/bip-majatek-spolki\/","url":"https:\/\/www.pern.pl\/de\/bipbiuletyn-informacji-publicznej\/bip-majatek-spolki\/","name":"Maj\u0105tek sp\u00f3\u0142ki - PERN","isPartOf":{"@id":"https:\/\/www.pern.pl\/de\/#website"},"primaryImageOfPage":{"@id":"https:\/\/www.pern.pl\/de\/bipbiuletyn-informacji-publicznej\/bip-majatek-spolki\/#primaryimage"},"image":{"@id":"https:\/\/www.pern.pl\/de\/bipbiuletyn-informacji-publicznej\/bip-majatek-spolki\/#primaryimage"},"thumbnailUrl":"https:\/\/www.pern.pl\/wp-content\/uploads\/2022\/08\/Reports_-_shutterstock__Chaosamran_Studio-scaled.jpg","datePublished":"2022-07-29T10:54:31+00:00","dateModified":"2023-03-09T12:31:10+00:00","breadcrumb":{"@id":"https:\/\/www.pern.pl\/de\/bipbiuletyn-informacji-publicznej\/bip-majatek-spolki\/#breadcrumb"},"inLanguage":"de","potentialAction":[{"@type":"ReadAction","target":["https:\/\/www.pern.pl\/de\/bipbiuletyn-informacji-publicznej\/bip-majatek-spolki\/"]}]},{"@type":"ImageObject","inLanguage":"de","@id":"https:\/\/www.pern.pl\/de\/bipbiuletyn-informacji-publicznej\/bip-majatek-spolki\/#primaryimage","url":"https:\/\/www.pern.pl\/wp-content\/uploads\/2022\/08\/Reports_-_shutterstock__Chaosamran_Studio-scaled.jpg","contentUrl":"https:\/\/www.pern.pl\/wp-content\/uploads\/2022\/08\/Reports_-_shutterstock__Chaosamran_Studio-scaled.jpg","width":2560,"height":1590},{"@type":"BreadcrumbList","@id":"https:\/\/www.pern.pl\/de\/bipbiuletyn-informacji-publicznej\/bip-majatek-spolki\/#breadcrumb","itemListElement":[{"@type":"ListItem","position":1,"name":"Homepage","item":"https:\/\/www.pern.pl\/de\/"},{"@type":"ListItem","position":2,"name":"BIP (Biuletyn Informacji Publicznej)","item":"https:\/\/www.pern.pl\/de\/bipbiuletyn-informacji-publicznej\/"},{"@type":"ListItem","position":3,"name":"Maj\u0105tek sp\u00f3\u0142ki"}]},{"@type":"WebSite","@id":"https:\/\/www.pern.pl\/de\/#website","url":"https:\/\/www.pern.pl\/de\/","name":"PERN","description":"","potentialAction":[{"@type":"SearchAction","target":{"@type":"EntryPoint","urlTemplate":"https:\/\/www.pern.pl\/de\/?s={search_term_string}"},"query-input":{"@type":"PropertyValueSpecification","valueRequired":true,"valueName":"search_term_string"}}],"inLanguage":"de"}]}},"_links":{"self":[{"href":"https:\/\/www.pern.pl\/de\/wp-json\/wp\/v2\/pages\/25499","targetHints":{"allow":["GET"]}}],"collection":[{"href":"https:\/\/www.pern.pl\/de\/wp-json\/wp\/v2\/pages"}],"about":[{"href":"https:\/\/www.pern.pl\/de\/wp-json\/wp\/v2\/types\/page"}],"author":[{"embeddable":true,"href":"https:\/\/www.pern.pl\/de\/wp-json\/wp\/v2\/users\/2"}],"replies":[{"embeddable":true,"href":"https:\/\/www.pern.pl\/de\/wp-json\/wp\/v2\/comments?post=25499"}],"version-history":[{"count":0,"href":"https:\/\/www.pern.pl\/de\/wp-json\/wp\/v2\/pages\/25499\/revisions"}],"up":[{"embeddable":true,"href":"https:\/\/www.pern.pl\/de\/wp-json\/wp\/v2\/pages\/25792"}],"wp:featuredmedia":[{"embeddable":true,"href":"https:\/\/www.pern.pl\/de\/wp-json\/wp\/v2\/media\/7521"}],"wp:attachment":[{"href":"https:\/\/www.pern.pl\/de\/wp-json\/wp\/v2\/media?parent=25499"}],"curies":[{"name":"wp","href":"https:\/\/api.w.org\/{rel}","templated":true}]}}